{"id":2,"date":"2016-05-11T23:54:18","date_gmt":"2016-05-11T21:54:18","guid":{"rendered":"http:\/\/compotec.pl\/?page_id=2"},"modified":"2022-02-08T07:14:16","modified_gmt":"2022-02-08T06:14:16","slug":"about-compotec-enterprise","status":"publish","type":"page","link":"http:\/\/compotec.pl\/en\/","title":{"rendered":"About CompoTec enterprise"},"content":{"rendered":"<p>Welcome to the &#8216;CompoTec &#8211; composite technologies&#8217; website! My name is Marcin Krug\u0142y. I\u2019m an aerospace engineer as well as RC model enthusiast. <b>I have over a dozen years of experience within aviation industry.<\/b> My adventure with composites started in 2001 while working at\u00a0production of PW-5 &#8220;Smyk&#8221; gliders. Within my Poland based private enterprise &#8216;CompoTec &#8211; composite technologies&#8217; I specialize in manufacturing of epoxy based composites. Our main products are composite sheets made out of carbon fiber, glass fiber, aramid fiber (Kevlar\u00ae) as well as combinations of these reinforcements. I developed proprietary composite sheets manufacturing process. Because of this <strong>offered sheets have double smooth (gloss or matte) surface finish with lower mass and better strength &amp; stiffness than possible to obtain with regular vacuum bag or infusion methods.<\/strong> Our sheets offer i.e.: zero pinholes, optimum reinforcement-to-fiber ratio as well as capability of using high temperature resistant resin systems. Due to superb quality CompoTec carbon fiber sheets are used not only to build RC models and drones, but also to make exclusive jewelry.<\/p>\n<p><strong>Our composite sheets are made in a single step RTM process (not glued from two halfs)<\/strong> and have maximum size of A2 format or 594 x 420mm (23,38 x 16,53in) with thickness range from 0.35mm (0.0137in) to 5mm (0.2in). Higher thicknesses are available on individual order.<\/p>\n<p><strong>We do have our own 1000 x 500mm (39,37 x 19,68in) CNC router<\/strong>, thus offer CNC cutting of any elements from our carbon sheets. Being composite sheets manufacturer and CNC machining source at the same time, we can offer <strong>very competitive pricing for final\u00a0components<\/strong>!<\/p>\n<p><iframe loading=\"lazy\" title=\"Ci\u0119cie p\u0142yt z w\u0142\u00f3kna w\u0119glowego (carbon) na frezarce CNC\" width=\"800\" height=\"450\" src=\"https:\/\/www.youtube.com\/embed\/jzOAzhYx954?feature=oembed\" frameborder=\"0\" allow=\"accelerometer; autoplay; clipboard-write; encrypted-media; gyroscope; picture-in-picture\" allowfullscreen><\/iframe><\/p>\n<p>\u2018CompoTec \u2013 composite technologies\u2019 unique specialty is <strong>manufacturing of precise carbon sheets under thickness of 0.5mm (0.020in) dedicated to making <a href=\"http:\/\/compotec.pl\/en\/index.php\/reed-valve-two-stroke-engine\/\">reed valve petals<\/a> used in two stroke engines.<\/strong> We provide high quality material for do-it-yourself cutting of reed valve petals. We can also make to shape any reed vale petals for all kinds of two stroke engines: scooter\/motorcycle, water scooter, snow scooter, boat or paraglide. Our composite reed petals are intensively tested and meet customers\u2019 expectations.<\/p>\n<p>Don\u2019t hesitate to contact us if you have questions regarding our offer. We do speak fluent English and looking forward to cooperate.<\/p>\n","protected":false},"excerpt":{"rendered":"<p>Welcome to the &#8216;CompoTec &#8211; composite technologies&#8217; website! My name is Marcin Krug\u0142y. I\u2019m an aerospace engineer as well as RC model enthusiast. I have over a dozen years of experience within aviation industry. My adventure with composites started in 2001 while working at\u00a0production of PW-5 &#8220;Smyk&#8221; gliders. Within my \u2026 <a class=\"continue-reading-link\" href=\"http:\/\/compotec.pl\/en\/\"> Continue reading <span class=\"meta-nav\">&rarr; <\/span><\/a><\/p>\n","protected":false},"author":1,"featured_media":0,"parent":0,"menu_order":1,"comment_status":"closed","ping_status":"closed","template":"","meta":{"footnotes":""},"class_list":["post-2","page","type-page","status-publish","hentry"],"yoast_head":"<!-- This site is optimized with the Yoast SEO plugin v19.13 - https:\/\/yoast.com\/wordpress\/plugins\/seo\/ -->\n<title>About CompoTec - composite technologies enterprise<\/title>\n<meta name=\"description\" content=\"Poland based &#039;CompoTec - composite technologies&#039; specializes in manufacturing of epoxy based composites, especially carbon, glass and aramid filer sheets.\" \/>\n<meta name=\"robots\" content=\"index, follow, max-snippet:-1, max-image-preview:large, max-video-preview:-1\" \/>\n<link rel=\"canonical\" href=\"https:\/\/compotec.pl\/en\/\" \/>\n<meta property=\"og:locale\" content=\"en_GB\" \/>\n<meta property=\"og:type\" content=\"article\" \/>\n<meta property=\"og:title\" content=\"About CompoTec - composite technologies enterprise\" \/>\n<meta property=\"og:description\" content=\"Poland based &#039;CompoTec - composite technologies&#039; specializes in manufacturing of epoxy based composites, especially carbon, glass and aramid filer sheets.\" \/>\n<meta property=\"og:url\" content=\"https:\/\/compotec.pl\/en\/\" \/>\n<meta property=\"og:site_name\" content=\"CompoTec - composites technologies\" \/>\n<meta property=\"article:modified_time\" content=\"2022-02-08T06:14:16+00:00\" \/>\n<meta name=\"twitter:card\" content=\"summary_large_image\" \/>\n<meta name=\"twitter:label1\" content=\"Estimated reading time\" \/>\n\t<meta name=\"twitter:data1\" content=\"2 minutes\" \/>\n<script type=\"application\/ld+json\" class=\"yoast-schema-graph\">{\"@context\":\"https:\/\/schema.org\",\"@graph\":[{\"@type\":\"WebPage\",\"@id\":\"https:\/\/compotec.pl\/en\/\",\"url\":\"https:\/\/compotec.pl\/en\/\",\"name\":\"About CompoTec - composite technologies enterprise\",\"isPartOf\":{\"@id\":\"https:\/\/compotec.pl\/en\/#website\"},\"datePublished\":\"2016-05-11T21:54:18+00:00\",\"dateModified\":\"2022-02-08T06:14:16+00:00\",\"description\":\"Poland based 'CompoTec - composite technologies' specializes in manufacturing of epoxy based composites, especially carbon, glass and aramid filer sheets.\",\"breadcrumb\":{\"@id\":\"https:\/\/compotec.pl\/en\/#breadcrumb\"},\"inLanguage\":\"en-GB\",\"potentialAction\":[{\"@type\":\"ReadAction\",\"target\":[\"https:\/\/compotec.pl\/en\/\"]}]},{\"@type\":\"BreadcrumbList\",\"@id\":\"https:\/\/compotec.pl\/en\/#breadcrumb\",\"itemListElement\":[{\"@type\":\"ListItem\",\"position\":1,\"name\":\"Strona g\u0142\u00f3wna\",\"item\":\"https:\/\/compotec.pl\/en\/\"},{\"@type\":\"ListItem\",\"position\":2,\"name\":\"About CompoTec enterprise\"}]},{\"@type\":\"WebSite\",\"@id\":\"https:\/\/compotec.pl\/en\/#website\",\"url\":\"https:\/\/compotec.pl\/en\/\",\"name\":\"CompoTec - composites technologies\",\"description\":\"Composites are our passion!\",\"potentialAction\":[{\"@type\":\"SearchAction\",\"target\":{\"@type\":\"EntryPoint\",\"urlTemplate\":\"https:\/\/compotec.pl\/en\/?s={search_term_string}\"},\"query-input\":\"required name=search_term_string\"}],\"inLanguage\":\"en-GB\"}]}<\/script>\n<!-- \/ Yoast SEO plugin. -->","yoast_head_json":{"title":"About CompoTec - composite technologies enterprise","description":"Poland based 'CompoTec - composite technologies' specializes in manufacturing of epoxy based composites, especially carbon, glass and aramid filer sheets.","robots":{"index":"index","follow":"follow","max-snippet":"max-snippet:-1","max-image-preview":"max-image-preview:large","max-video-preview":"max-video-preview:-1"},"canonical":"https:\/\/compotec.pl\/en\/","og_locale":"en_GB","og_type":"article","og_title":"About CompoTec - composite technologies enterprise","og_description":"Poland based 'CompoTec - composite technologies' specializes in manufacturing of epoxy based composites, especially carbon, glass and aramid filer sheets.","og_url":"https:\/\/compotec.pl\/en\/","og_site_name":"CompoTec - composites technologies","article_modified_time":"2022-02-08T06:14:16+00:00","twitter_card":"summary_large_image","twitter_misc":{"Estimated reading time":"2 minutes"},"schema":{"@context":"https:\/\/schema.org","@graph":[{"@type":"WebPage","@id":"https:\/\/compotec.pl\/en\/","url":"https:\/\/compotec.pl\/en\/","name":"About CompoTec - composite technologies enterprise","isPartOf":{"@id":"https:\/\/compotec.pl\/en\/#website"},"datePublished":"2016-05-11T21:54:18+00:00","dateModified":"2022-02-08T06:14:16+00:00","description":"Poland based 'CompoTec - composite technologies' specializes in manufacturing of epoxy based composites, especially carbon, glass and aramid filer sheets.","breadcrumb":{"@id":"https:\/\/compotec.pl\/en\/#breadcrumb"},"inLanguage":"en-GB","potentialAction":[{"@type":"ReadAction","target":["https:\/\/compotec.pl\/en\/"]}]},{"@type":"BreadcrumbList","@id":"https:\/\/compotec.pl\/en\/#breadcrumb","itemListElement":[{"@type":"ListItem","position":1,"name":"Strona g\u0142\u00f3wna","item":"https:\/\/compotec.pl\/en\/"},{"@type":"ListItem","position":2,"name":"About CompoTec enterprise"}]},{"@type":"WebSite","@id":"https:\/\/compotec.pl\/en\/#website","url":"https:\/\/compotec.pl\/en\/","name":"CompoTec - composites technologies","description":"Composites are our passion!","potentialAction":[{"@type":"SearchAction","target":{"@type":"EntryPoint","urlTemplate":"https:\/\/compotec.pl\/en\/?s={search_term_string}"},"query-input":"required name=search_term_string"}],"inLanguage":"en-GB"}]}},"_links":{"self":[{"href":"http:\/\/compotec.pl\/en\/index.php\/wp-json\/wp\/v2\/pages\/2","targetHints":{"allow":["GET"]}}],"collection":[{"href":"http:\/\/compotec.pl\/en\/index.php\/wp-json\/wp\/v2\/pages"}],"about":[{"href":"http:\/\/compotec.pl\/en\/index.php\/wp-json\/wp\/v2\/types\/page"}],"author":[{"embeddable":true,"href":"http:\/\/compotec.pl\/en\/index.php\/wp-json\/wp\/v2\/users\/1"}],"replies":[{"embeddable":true,"href":"http:\/\/compotec.pl\/en\/index.php\/wp-json\/wp\/v2\/comments?post=2"}],"version-history":[{"count":65,"href":"http:\/\/compotec.pl\/en\/index.php\/wp-json\/wp\/v2\/pages\/2\/revisions"}],"predecessor-version":[{"id":507,"href":"http:\/\/compotec.pl\/en\/index.php\/wp-json\/wp\/v2\/pages\/2\/revisions\/507"}],"wp:attachment":[{"href":"http:\/\/compotec.pl\/en\/index.php\/wp-json\/wp\/v2\/media?parent=2"}],"curies":[{"name":"wp","href":"https:\/\/api.w.org\/{rel}","templated":true}]}}