{"id":15,"date":"2016-05-12T00:33:00","date_gmt":"2016-05-11T22:33:00","guid":{"rendered":"http:\/\/compotec.pl\/?page_id=15"},"modified":"2026-02-04T09:08:06","modified_gmt":"2026-02-04T08:08:06","slug":"contact","status":"publish","type":"page","link":"https:\/\/compotec.pl\/en\/index.php\/contact\/","title":{"rendered":"Contact"},"content":{"rendered":"\n<p><strong>Mail address*:<\/strong><\/p>\n\n\n\n<p>CompoTec &#8211; Marcin Krug\u0142y<br>Plac Wojska Polskiego 151\/m.7<br>05-075 Warszawa-Weso\u0142a, Poland<\/p>\n\n\n\n<p><em>*CompoTec does not run stationary shop and does not offer direct pick-up of orders at the above address.<\/em><\/p>\n\n\n\n<p><\/p>\n\n\n\n<p><strong>Email address (works w\/ PayPal)<\/strong>: biuro@compotec.pl<br><strong>Phone: <\/strong>+48 572 353 353<\/p>\n\n\n\n<p><\/p>\n\n\n\n<p><strong>Bank accounts:<\/strong><\/p>\n\n\n\n<p>Bank name and address:\u00a0Bank Pekao S.A, 1st branch in Mi\u0144sk Mazowiecki, street Warszawska 133, 05-300 Mi\u0144sk Mazowiecki, Poland<br>Account number in PLN: PL 44 1240 2702 1111 0011 3744 8932<br>Account number in EUR: PL 70 1240 2702 1978 0011 3744 8958<br>SWIFT code: PKOPPLPW<br>IBAN code: 1240<\/p>\n\n\n\n<hr class=\"wp-block-separator has-alpha-channel-opacity\"\/>\n\n\n\n<p><\/p>\n\n\n\n<p class=\"has-text-align-center\"><strong>Quick contact<\/strong><\/p>\n\n\n\n<div id=\"cscf\" class=\"cscfBlock\">\n    <div class=\"cscfMessageSent\" style=\"display:none;\">\n\t\t<h3>Your message has been sent!<\/h3>\n<p>Thank you for your message. We will get with you soon. <\/p>    <\/div>\n    <div class=\"cscfMessageNotSent\" style=\"display:none;\">\n\t\t<p>Sorry, there has been a problem and your message was not sent.<\/p>\n    <\/div>\n    <div class=\"cscfForm\">\n        <p>Please write your contact details and message to us below. We will do our best  to answer as soon as possible.<\/p>\n\n        <form role=\"form\" id=\"frmCSCF\" name=\"frmCSCF\" method=\"post\">\n\t\t\t<input type=\"hidden\" id=\"cscf_nonce\" name=\"cscf_nonce\" value=\"76944e08d3\" \/><input type=\"hidden\" name=\"_wp_http_referer\" value=\"\/en\/index.php\/wp-json\/wp\/v2\/pages\/15\" \/>            <input type=\"hidden\" name=\"post-id\" value=\"15\">\n\n\t\t\t\n            <!-- name -->\n            <div class=\"control-group form-group\">\n                <label for=\"cscf_name\">Name:<\/label>\n\n\n                <div class=\"\">\n\t\t\t\t\t                    <input class=\"form-control input-xlarge\"\n                           data-rule-required=\"true\"\n                           data-msg-required=\"Please give your name.\"\n                           type=\"text\" id=\"cscf_name\" name=\"cscf[name]\"\n                           value=\"\"\n                           placeholder=\"Your Name\"\n                    \/>\n                <\/div>\n                <span for=\"cscf_name\" class=\"help-inline help-block error\"\n                      style=\"display:none;\">\n\n                                    <\/span>\n            <\/div>\n\n\n            <!--email address-->\n            <div class=\"control-group form-group\">\n                <label for=\"cscf_email\">Email Address:<\/label>\n\n                <div class=\"\">\n\t\t\t\t\t                    <input class=\"form-control input-xlarge\"\n                           data-rule-required=\"true\"\n                           data-rule-email=\"true\"\n                           data-msg-required=\"Please give your email address.\"\n                           data-msg-email=\"Please enter a valid email address.\"\n                           type=\"email\" id=\"cscf_email\" name=\"cscf[email]\"\n                           value=\"\"\n                           placeholder=\"Your Email Address\"\n                    \/>\n                <\/div>\n                <span for=\"cscf_email\" class=\"help-inline help-block error\"\n                      style=\"display:none;\">\n                                    <\/span>\n            <\/div>\n\n\t\t\t                <!--confirm email address -->\n                <div class=\"control-group form-group\">\n                    <label for=\"cscf_confirm-email\">Confirm Email Address:<\/label>\n                    <div class=\"\">\n\t\t\t\t\t\t                        <input class=\"form-control input-xlarge\"\n                               data-rule-required=\"true\"\n                               data-rule-email=\"true\"\n                               data-rule-equalTo=\"#cscf_email\"\n                               data-msg-required=\"Please enter the same email address again.\"\n                               data-msg-email=\"Please enter a valid email address.\"\n                               data-msg-equalTo=\"Please enter the same email address again.\"\n                               type=\"email\" id=\"cscf_confirm-email\" name=\"cscf[confirm-email]\"\n                               value=\"\"\n                               placeholder=\"Confirm Your Email Address\"\n                        \/>\n                    <\/div>\n                    <span for=\"cscf_confirm-email\" class=\"help-inline help-block error\"\n                          style=\"display:none;\">\n                                    <\/span>\n                <\/div>\n\t\t\t\n\t\t\t\n\n            <!-- message -->\n            <div class=\"control-group form-group\">\n                <label for=\"cscf_message\">Message:<\/label>\n                <div class=\"\">\n\t\t\t\t\t                    <textarea class=\"form-control input-xlarge\"\n                              data-rule-required=\"true\"\n                              data-msg-required=\"Please give a message.\"\n                              id=\"cscf_message\" name=\"cscf[message]\" rows=\"10\"\n                              placeholder=\"Your Message\"><\/textarea>\n                <\/div>\n\n                <span for=\"cscf_message\" class=\"help-inline help-block error\"\n                      style=\"display:none;\">\n                                    <\/span>\n            <\/div>\n\n\t\t\t                <!-- email to sender -->\n                <div class=\"control-group form-group\">\n                    <label for=\"cscf_email-sender\">Send me a copy:<\/label>\n                    <div class=\"\">\n\t\t\t\t\t\t                        <input  type=\"checkbox\"\n                                                                                                   id=\"cscf_email-sender\"\n                                                                                                   name=\"cscf[email-sender]\">\n                    <\/div>\n                    <span for=\"cscf_email-sender\" class=\"help-inline help-block error\"\n                          style=\"display:none;\">\n                                            <\/span>\n                <\/div>\n\t\t\t\n\n\n\t\t\t                <!-- contact consent -->\n                <div class=\"control-group form-group\">\n                    <label for=\"cscf_contact-consent\">I consent to my contact details being stored:<\/label>\n                    <div class=\"\">\n\t\t\t\t\t\t                        <input class=\"form-control input-xlarge\"\n\t\t\t\t\t\t\t   data-rule-required=\"true\"\n                               data-msg-required=\"Please give your consent.\"\n\t\t\t\t\t\t\t type=\"checkbox\"\n                               id=\"cscf_contact-consent\"\n                               name=\"cscf[contact-consent]\">\n                    <\/div>\n                    <span for=\"cscf[contact-consent]\" class=\"help-inline help-block error\"\n                          style=\"display:none;\">\n                                            <\/span>\n                <\/div>\n\t\t\t\n            <!-- recaptcha -->\n\t\t\t\n                <div class=\"control-group form-group\">\n                    <div id=\"recaptcha_div\">\n                        <div class=\"g-recaptcha\" data-theme=\"light\"\n                             data-sitekey=\"6LdcqB8TAAAAANYaNQjxGxvcTTWozni-fXWL7gcz\"><\/div>\n\n\n                        <div for=\"cscf_recaptcha\"\n                             class=\"help-block has-error error\"><\/div>\n\n\n                        <noscript>\n                            <div style=\"width: 302px; height: 422px;\">\n                                <div style=\"width: 302px; height: 422px; position: relative;\">\n                                    <div style=\"width: 302px; height: 422px; position: absolute;\">\n                                        <iframe\n                                                src=\"https:\/\/www.google.com\/recaptcha\/api\/fallback?k=6LdcqB8TAAAAANYaNQjxGxvcTTWozni-fXWL7gcz\"\n                                                frameborder=\"0\" scrolling=\"no\"\n                                                style=\"width: 302px; height:422px; border-style: none;\">\n                                        <\/iframe>\n                                    <\/div>\n                                    <div style=\"width: 300px; height: 60px; border-style: none;\n                  bottom: 12px; left: 25px; margin: 0px; padding: 0px; right: 25px;\n                  background: #f9f9f9; border: 1px solid #c1c1c1; border-radius: 3px;\">\n        <textarea id=\"g-recaptcha-response\" name=\"g-recaptcha-response\"\n                  class=\"g-recaptcha-response\"\n                  style=\"width: 250px; height: 40px; border: 1px solid #c1c1c1;\n                         margin: 10px 25px; padding: 0px; resize: none;\">\n        <\/textarea>\n                                    <\/div>\n                                <\/div>\n                            <\/div>\n                        <\/noscript>\n\n                    <\/div>\n                <\/div>\n\t\t\t            <input type=\"submit\" id=\"cscf_SubmitButton\" class=\"btn btn-default\"\n                   value=\"Send Message\"\/>\n        <\/form>\n    <\/div>\n<\/div>\n\n","protected":false},"excerpt":{"rendered":"<p>Mail address*: CompoTec &#8211; Marcin Krug\u0142yPlac Wojska Polskiego 151\/m.705-075 Warszawa-Weso\u0142a, Poland *CompoTec does not run stationary shop and does not offer direct pick-up of orders at the above address. Email address (works w\/ PayPal): biuro@compotec.plPhone: +48 572 353 353 Bank accounts: Bank name and address:\u00a0Bank Pekao S.A, 1st branch in \u2026 <a class=\"continue-reading-link\" href=\"https:\/\/compotec.pl\/en\/index.php\/contact\/\"> Continue reading <span class=\"meta-nav\">&rarr; <\/span><\/a><\/p>\n","protected":false},"author":1,"featured_media":0,"parent":0,"menu_order":4,"comment_status":"closed","ping_status":"closed","template":"","meta":{"footnotes":""},"class_list":["post-15","page","type-page","status-publish","hentry"],"yoast_head":"<!-- This site is optimized with the Yoast SEO plugin v19.13 - https:\/\/yoast.com\/wordpress\/plugins\/seo\/ -->\n<title>Contact details - CompoTec - composite technologies<\/title>\n<meta name=\"description\" content=\"karbon, carbon, w\u0142\u00f3kno w\u0119glowe, wyroby kompozytowe, kevlar, p\u0142yty z w\u0142\u00f3kna w\u0119glowego, w\u0142\u00f3kno szklane, p\u0142ytki membranowe, technologie kompozytowe, p\u0142ytki zaworu membranowego\" \/>\n<meta name=\"robots\" content=\"index, follow, max-snippet:-1, max-image-preview:large, max-video-preview:-1\" \/>\n<link rel=\"canonical\" href=\"https:\/\/compotec.pl\/en\/index.php\/contact\/\" \/>\n<meta property=\"og:locale\" content=\"en_GB\" \/>\n<meta property=\"og:type\" content=\"article\" \/>\n<meta property=\"og:title\" content=\"Contact details - CompoTec - composite technologies\" \/>\n<meta property=\"og:description\" content=\"karbon, carbon, w\u0142\u00f3kno w\u0119glowe, wyroby kompozytowe, kevlar, p\u0142yty z w\u0142\u00f3kna w\u0119glowego, w\u0142\u00f3kno szklane, p\u0142ytki membranowe, technologie kompozytowe, p\u0142ytki zaworu membranowego\" \/>\n<meta property=\"og:url\" content=\"https:\/\/compotec.pl\/en\/index.php\/contact\/\" \/>\n<meta property=\"og:site_name\" content=\"CompoTec - composites technologies\" \/>\n<meta property=\"article:modified_time\" content=\"2026-02-04T08:08:06+00:00\" \/>\n<meta name=\"twitter:card\" content=\"summary_large_image\" \/>\n<meta name=\"twitter:label1\" content=\"Estimated reading time\" \/>\n\t<meta name=\"twitter:data1\" content=\"1 minute\" \/>\n<script type=\"application\/ld+json\" class=\"yoast-schema-graph\">{\"@context\":\"https:\/\/schema.org\",\"@graph\":[{\"@type\":\"WebPage\",\"@id\":\"https:\/\/compotec.pl\/en\/index.php\/contact\/\",\"url\":\"https:\/\/compotec.pl\/en\/index.php\/contact\/\",\"name\":\"Contact details - CompoTec - composite technologies\",\"isPartOf\":{\"@id\":\"https:\/\/compotec.pl\/en\/#website\"},\"datePublished\":\"2016-05-11T22:33:00+00:00\",\"dateModified\":\"2026-02-04T08:08:06+00:00\",\"description\":\"karbon, carbon, w\u0142\u00f3kno w\u0119glowe, wyroby kompozytowe, kevlar, p\u0142yty z w\u0142\u00f3kna w\u0119glowego, w\u0142\u00f3kno szklane, p\u0142ytki membranowe, technologie kompozytowe, p\u0142ytki zaworu membranowego\",\"breadcrumb\":{\"@id\":\"https:\/\/compotec.pl\/en\/index.php\/contact\/#breadcrumb\"},\"inLanguage\":\"en-GB\",\"potentialAction\":[{\"@type\":\"ReadAction\",\"target\":[\"https:\/\/compotec.pl\/en\/index.php\/contact\/\"]}]},{\"@type\":\"BreadcrumbList\",\"@id\":\"https:\/\/compotec.pl\/en\/index.php\/contact\/#breadcrumb\",\"itemListElement\":[{\"@type\":\"ListItem\",\"position\":1,\"name\":\"Strona g\u0142\u00f3wna\",\"item\":\"https:\/\/compotec.pl\/en\/\"},{\"@type\":\"ListItem\",\"position\":2,\"name\":\"Contact\"}]},{\"@type\":\"WebSite\",\"@id\":\"https:\/\/compotec.pl\/en\/#website\",\"url\":\"https:\/\/compotec.pl\/en\/\",\"name\":\"CompoTec - composites technologies\",\"description\":\"Composites are our passion!\",\"potentialAction\":[{\"@type\":\"SearchAction\",\"target\":{\"@type\":\"EntryPoint\",\"urlTemplate\":\"https:\/\/compotec.pl\/en\/?s={search_term_string}\"},\"query-input\":\"required name=search_term_string\"}],\"inLanguage\":\"en-GB\"}]}<\/script>\n<!-- \/ Yoast SEO plugin. -->","yoast_head_json":{"title":"Contact details - CompoTec - composite technologies","description":"karbon, carbon, w\u0142\u00f3kno w\u0119glowe, wyroby kompozytowe, kevlar, p\u0142yty z w\u0142\u00f3kna w\u0119glowego, w\u0142\u00f3kno szklane, p\u0142ytki membranowe, technologie kompozytowe, p\u0142ytki zaworu membranowego","robots":{"index":"index","follow":"follow","max-snippet":"max-snippet:-1","max-image-preview":"max-image-preview:large","max-video-preview":"max-video-preview:-1"},"canonical":"https:\/\/compotec.pl\/en\/index.php\/contact\/","og_locale":"en_GB","og_type":"article","og_title":"Contact details - CompoTec - composite technologies","og_description":"karbon, carbon, w\u0142\u00f3kno w\u0119glowe, wyroby kompozytowe, kevlar, p\u0142yty z w\u0142\u00f3kna w\u0119glowego, w\u0142\u00f3kno szklane, p\u0142ytki membranowe, technologie kompozytowe, p\u0142ytki zaworu membranowego","og_url":"https:\/\/compotec.pl\/en\/index.php\/contact\/","og_site_name":"CompoTec - composites technologies","article_modified_time":"2026-02-04T08:08:06+00:00","twitter_card":"summary_large_image","twitter_misc":{"Estimated reading time":"1 minute"},"schema":{"@context":"https:\/\/schema.org","@graph":[{"@type":"WebPage","@id":"https:\/\/compotec.pl\/en\/index.php\/contact\/","url":"https:\/\/compotec.pl\/en\/index.php\/contact\/","name":"Contact details - CompoTec - composite technologies","isPartOf":{"@id":"https:\/\/compotec.pl\/en\/#website"},"datePublished":"2016-05-11T22:33:00+00:00","dateModified":"2026-02-04T08:08:06+00:00","description":"karbon, carbon, w\u0142\u00f3kno w\u0119glowe, wyroby kompozytowe, kevlar, p\u0142yty z w\u0142\u00f3kna w\u0119glowego, w\u0142\u00f3kno szklane, p\u0142ytki membranowe, technologie kompozytowe, p\u0142ytki zaworu membranowego","breadcrumb":{"@id":"https:\/\/compotec.pl\/en\/index.php\/contact\/#breadcrumb"},"inLanguage":"en-GB","potentialAction":[{"@type":"ReadAction","target":["https:\/\/compotec.pl\/en\/index.php\/contact\/"]}]},{"@type":"BreadcrumbList","@id":"https:\/\/compotec.pl\/en\/index.php\/contact\/#breadcrumb","itemListElement":[{"@type":"ListItem","position":1,"name":"Strona g\u0142\u00f3wna","item":"https:\/\/compotec.pl\/en\/"},{"@type":"ListItem","position":2,"name":"Contact"}]},{"@type":"WebSite","@id":"https:\/\/compotec.pl\/en\/#website","url":"https:\/\/compotec.pl\/en\/","name":"CompoTec - composites technologies","description":"Composites are our passion!","potentialAction":[{"@type":"SearchAction","target":{"@type":"EntryPoint","urlTemplate":"https:\/\/compotec.pl\/en\/?s={search_term_string}"},"query-input":"required name=search_term_string"}],"inLanguage":"en-GB"}]}},"_links":{"self":[{"href":"https:\/\/compotec.pl\/en\/index.php\/wp-json\/wp\/v2\/pages\/15","targetHints":{"allow":["GET"]}}],"collection":[{"href":"https:\/\/compotec.pl\/en\/index.php\/wp-json\/wp\/v2\/pages"}],"about":[{"href":"https:\/\/compotec.pl\/en\/index.php\/wp-json\/wp\/v2\/types\/page"}],"author":[{"embeddable":true,"href":"https:\/\/compotec.pl\/en\/index.php\/wp-json\/wp\/v2\/users\/1"}],"replies":[{"embeddable":true,"href":"https:\/\/compotec.pl\/en\/index.php\/wp-json\/wp\/v2\/comments?post=15"}],"version-history":[{"count":67,"href":"https:\/\/compotec.pl\/en\/index.php\/wp-json\/wp\/v2\/pages\/15\/revisions"}],"predecessor-version":[{"id":573,"href":"https:\/\/compotec.pl\/en\/index.php\/wp-json\/wp\/v2\/pages\/15\/revisions\/573"}],"wp:attachment":[{"href":"https:\/\/compotec.pl\/en\/index.php\/wp-json\/wp\/v2\/media?parent=15"}],"curies":[{"name":"wp","href":"https:\/\/api.w.org\/{rel}","templated":true}]}}