{"id":15,"date":"2016-05-12T00:33:00","date_gmt":"2016-05-11T22:33:00","guid":{"rendered":"http:\/\/compotec.pl\/?page_id=15"},"modified":"2025-12-25T11:08:30","modified_gmt":"2025-12-25T10:08:30","slug":"kontakt","status":"publish","type":"page","link":"https:\/\/compotec.pl\/pl\/index.php\/kontakt\/","title":{"rendered":"Kontakt"},"content":{"rendered":"\n<p><strong>Adres korespondencyjny<\/strong>*: <\/p>\n\n\n\n<p>CompoTec \u2013 Marcin Krug\u0142y<br>Plac Wojska Polskiego 151\/m.7<br>05-075 Warszawa-Weso\u0142a<\/p>\n\n\n\n<p><em>*Firma CompoTec nie prowadzi sklepu stacjonarnego ani nie oferuje mo\u017cliwo\u015bci odbior\u00f3w osobistych.<\/em><\/p>\n\n\n\n<p><strong>Adres email<\/strong>: biuro@compotec.pl<br><strong>Telefon:<\/strong> 572 353 353<\/p>\n\n\n\n<p><\/p>\n\n\n\n<p><strong>Nr konta (bank Pekao S.A.)<\/strong>: 44 1240 2702 1111 0011 3744 8932<\/p>\n\n\n\n<p><\/p>\n\n\n\n<hr class=\"wp-block-separator has-alpha-channel-opacity\"\/>\n\n\n\n<p><\/p>\n\n\n\n<p class=\"has-text-align-center\"><strong>Szybki kontakt<\/strong><\/p>\n\n\n\n<div id=\"cscf\" class=\"cscfBlock\">\n    <div class=\"cscfMessageSent\" style=\"display:none;\">\n\t\t<h3>Wiadomo\u015b\u0107 zosta\u0142a wys\u0142ana!<\/h3>\n<p>Dzi\u0119kujemy za Twoj\u0105 wiadomo\u015b\u0107, skontaktujemy si\u0119 wkr\u00f3tce. <\/p>    <\/div>\n    <div class=\"cscfMessageNotSent\" style=\"display:none;\">\n\t\t<p>Przepraszamy, wyst\u0105pi\u0142 b\u0142\u0105d i wiadomo\u015b\u0107 nie zosta\u0142a wys\u0142ana.<\/p>\n    <\/div>\n    <div class=\"cscfForm\">\n        <p>Podaj nam swoje dane kontaktowe i napisz wiadomo\u015b\u0107 poni\u017cej. Postaramy si\u0119 odpowiedzie\u0107 tak szybko, jak to b\u0119dzie mo\u017cliwe.<\/p>\n\n        <form role=\"form\" id=\"frmCSCF\" name=\"frmCSCF\" method=\"post\">\n\t\t\t<input type=\"hidden\" id=\"cscf_nonce\" name=\"cscf_nonce\" value=\"a8e789ed20\" \/><input type=\"hidden\" name=\"_wp_http_referer\" value=\"\/pl\/index.php\/wp-json\/wp\/v2\/pages\/15\" \/>            <input type=\"hidden\" name=\"post-id\" value=\"15\">\n\n\t\t\t\n            <!-- name -->\n            <div class=\"control-group form-group\">\n                <label for=\"cscf_name\">Nazwa:<\/label>\n\n\n                <div class=\"\">\n\t\t\t\t\t                    <input class=\"form-control input-xlarge\"\n                           data-rule-required=\"true\"\n                           data-msg-required=\"Prosimy wpisa\u0107 imi\u0119 i nazwisko.\"\n                           type=\"text\" id=\"cscf_name\" name=\"cscf[name]\"\n                           value=\"\"\n                           placeholder=\"Twoje imi\u0119 i nazwisko\"\n                    \/>\n                <\/div>\n                <span for=\"cscf_name\" class=\"help-inline help-block error\"\n                      style=\"display:none;\">\n\n                                    <\/span>\n            <\/div>\n\n\n            <!--email address-->\n            <div class=\"control-group form-group\">\n                <label for=\"cscf_email\">Adres e-mail:<\/label>\n\n                <div class=\"\">\n\t\t\t\t\t                    <input class=\"form-control input-xlarge\"\n                           data-rule-required=\"true\"\n                           data-rule-email=\"true\"\n                           data-msg-required=\"Prosimy poda\u0107 adres e-mail.\"\n                           data-msg-email=\"Prosz\u0119 wprowadzi\u0107 prawid\u0142owy adres e-mail.\"\n                           type=\"email\" id=\"cscf_email\" name=\"cscf[email]\"\n                           value=\"\"\n                           placeholder=\"Tw\u00f3j adres e-mail\"\n                    \/>\n                <\/div>\n                <span for=\"cscf_email\" class=\"help-inline help-block error\"\n                      style=\"display:none;\">\n                                    <\/span>\n            <\/div>\n\n\t\t\t                <!--confirm email address -->\n                <div class=\"control-group form-group\">\n                    <label for=\"cscf_confirm-email\">Potwierd\u017a adres e-mail:<\/label>\n                    <div class=\"\">\n\t\t\t\t\t\t                        <input class=\"form-control input-xlarge\"\n                               data-rule-required=\"true\"\n                               data-rule-email=\"true\"\n                               data-rule-equalTo=\"#cscf_email\"\n                               data-msg-required=\"Ponownie wpisz sw\u00f3j adres e-mail\"\n                               data-msg-email=\"Prosz\u0119 wprowadzi\u0107 prawid\u0142owy adres e-mail.\"\n                               data-msg-equalTo=\"Ponownie wpisz sw\u00f3j adres e-mail\"\n                               type=\"email\" id=\"cscf_confirm-email\" name=\"cscf[confirm-email]\"\n                               value=\"\"\n                               placeholder=\"Potwierd\u017a sw\u00f3j adres e-mail\"\n                        \/>\n                    <\/div>\n                    <span for=\"cscf_confirm-email\" class=\"help-inline help-block error\"\n                          style=\"display:none;\">\n                                    <\/span>\n                <\/div>\n\t\t\t\n\t\t\t\n\n            <!-- message -->\n            <div class=\"control-group form-group\">\n                <label for=\"cscf_message\">Wiadomo\u015b\u0107:<\/label>\n                <div class=\"\">\n\t\t\t\t\t                    <textarea class=\"form-control input-xlarge\"\n                              data-rule-required=\"true\"\n                              data-msg-required=\"Wpisz wiadomo\u015b\u0107.\"\n                              id=\"cscf_message\" name=\"cscf[message]\" rows=\"10\"\n                              placeholder=\"Twoja wiadomo\u015b\u0107\"><\/textarea>\n                <\/div>\n\n                <span for=\"cscf_message\" class=\"help-inline help-block error\"\n                      style=\"display:none;\">\n                                    <\/span>\n            <\/div>\n\n\t\t\t                <!-- email to sender -->\n                <div class=\"control-group form-group\">\n                    <label for=\"cscf_email-sender\">Wy\u015blij mi kopi\u0119:<\/label>\n                    <div class=\"\">\n\t\t\t\t\t\t                        <input  type=\"checkbox\"\n                                                                                                   id=\"cscf_email-sender\"\n                                                                                                   name=\"cscf[email-sender]\">\n                    <\/div>\n                    <span for=\"cscf_email-sender\" class=\"help-inline help-block error\"\n                          style=\"display:none;\">\n                                            <\/span>\n                <\/div>\n\t\t\t\n\n\n\t\t\t                <!-- contact consent -->\n                <div class=\"control-group form-group\">\n                    <label for=\"cscf_contact-consent\">Zgadzam si\u0119 na przechowywanie moich danych kontaktowych:<\/label>\n                    <div class=\"\">\n\t\t\t\t\t\t                        <input class=\"form-control input-xlarge\"\n\t\t\t\t\t\t\t   data-rule-required=\"true\"\n                               data-msg-required=\"Please give your consent.\"\n\t\t\t\t\t\t\t type=\"checkbox\"\n                               id=\"cscf_contact-consent\"\n                               name=\"cscf[contact-consent]\">\n                    <\/div>\n                    <span for=\"cscf[contact-consent]\" class=\"help-inline help-block error\"\n                          style=\"display:none;\">\n                                            <\/span>\n                <\/div>\n\t\t\t\n            <!-- recaptcha -->\n\t\t\t\n                <div class=\"control-group form-group\">\n                    <div id=\"recaptcha_div\">\n                        <div class=\"g-recaptcha\" data-theme=\"light\"\n                             data-sitekey=\"6LdcqB8TAAAAANYaNQjxGxvcTTWozni-fXWL7gcz\"><\/div>\n\n\n                        <div for=\"cscf_recaptcha\"\n                             class=\"help-block has-error error\"><\/div>\n\n\n                        <noscript>\n                            <div style=\"width: 302px; height: 422px;\">\n                                <div style=\"width: 302px; height: 422px; position: relative;\">\n                                    <div style=\"width: 302px; height: 422px; position: absolute;\">\n                                        <iframe\n                                                src=\"https:\/\/www.google.com\/recaptcha\/api\/fallback?k=6LdcqB8TAAAAANYaNQjxGxvcTTWozni-fXWL7gcz\"\n                                                frameborder=\"0\" scrolling=\"no\"\n                                                style=\"width: 302px; height:422px; border-style: none;\">\n                                        <\/iframe>\n                                    <\/div>\n                                    <div style=\"width: 300px; height: 60px; border-style: none;\n                  bottom: 12px; left: 25px; margin: 0px; padding: 0px; right: 25px;\n                  background: #f9f9f9; border: 1px solid #c1c1c1; border-radius: 3px;\">\n        <textarea id=\"g-recaptcha-response\" name=\"g-recaptcha-response\"\n                  class=\"g-recaptcha-response\"\n                  style=\"width: 250px; height: 40px; border: 1px solid #c1c1c1;\n                         margin: 10px 25px; padding: 0px; resize: none;\">\n        <\/textarea>\n                                    <\/div>\n                                <\/div>\n                            <\/div>\n                        <\/noscript>\n\n                    <\/div>\n                <\/div>\n\t\t\t            <input type=\"submit\" id=\"cscf_SubmitButton\" class=\"btn btn-default\"\n                   value=\"Wy\u015blij wiadomo\u015b\u0107\"\/>\n        <\/form>\n    <\/div>\n<\/div>\n\n","protected":false},"excerpt":{"rendered":"<p>Adres korespondencyjny*: CompoTec \u2013 Marcin Krug\u0142yPlac Wojska Polskiego 151\/m.705-075 Warszawa-Weso\u0142a *Firma CompoTec nie prowadzi sklepu stacjonarnego ani nie oferuje mo\u017cliwo\u015bci odbior\u00f3w osobistych. Adres email: biuro@compotec.plTelefon: 572 353 353 Nr konta (bank Pekao S.A.): 44 1240 2702 1111 0011 3744 8932 Szybki kontakt<\/p>\n","protected":false},"author":1,"featured_media":0,"parent":0,"menu_order":4,"comment_status":"closed","ping_status":"closed","template":"","meta":{"footnotes":""},"class_list":["post-15","page","type-page","status-publish","hentry"],"aioseo_notices":[],"_links":{"self":[{"href":"https:\/\/compotec.pl\/pl\/index.php\/wp-json\/wp\/v2\/pages\/15","targetHints":{"allow":["GET"]}}],"collection":[{"href":"https:\/\/compotec.pl\/pl\/index.php\/wp-json\/wp\/v2\/pages"}],"about":[{"href":"https:\/\/compotec.pl\/pl\/index.php\/wp-json\/wp\/v2\/types\/page"}],"author":[{"embeddable":true,"href":"https:\/\/compotec.pl\/pl\/index.php\/wp-json\/wp\/v2\/users\/1"}],"replies":[{"embeddable":true,"href":"https:\/\/compotec.pl\/pl\/index.php\/wp-json\/wp\/v2\/comments?post=15"}],"version-history":[{"count":50,"href":"https:\/\/compotec.pl\/pl\/index.php\/wp-json\/wp\/v2\/pages\/15\/revisions"}],"predecessor-version":[{"id":839,"href":"https:\/\/compotec.pl\/pl\/index.php\/wp-json\/wp\/v2\/pages\/15\/revisions\/839"}],"wp:attachment":[{"href":"https:\/\/compotec.pl\/pl\/index.php\/wp-json\/wp\/v2\/media?parent=15"}],"curies":[{"name":"wp","href":"https:\/\/api.w.org\/{rel}","templated":true}]}}