{"id":158,"date":"2016-08-20T12:06:56","date_gmt":"2016-08-20T10:06:56","guid":{"rendered":"http:\/\/compotec.pl\/?page_id=158"},"modified":"2023-01-30T10:26:40","modified_gmt":"2023-01-30T09:26:40","slug":"blog-compotec-pl","status":"publish","type":"page","link":"https:\/\/compotec.pl\/pl\/index.php\/blog-compotec-pl\/","title":{"rendered":"Blog"},"content":{"rendered":"<p>Wpis #1: <a href=\"compotec.pl\/index.php\/zawor-membranowy-w-silniku-dwusuwowym\/\">Zaw\u00f3r membranowy w silniku dwusuwowym \u2013 co to jest i jak dzia\u0142a?<\/a><\/p>\n<p>Wpis #2:\u00a0<a href=\"compotec.pl\/pl\/index.php\/technologie-produkcji-wyrobow-kompozytowych\/\">Technologie produkcji wyrob\u00f3w kompozytowych<\/a><\/p>\n<p>Wpis #3: <a href=\"http:\/\/compotec.pl\/pl\/index.php\/rozwiazanie-problemu-pekajacej-membrany-v-force-3-oraz-v-force-4\/\">Rozwi\u0105zanie problemu p\u0119kania\/zu\u017cycia listk\u00f3w membrany V-FORCE 3 oraz V-FORCE 4<\/a><\/p>\n","protected":false},"excerpt":{"rendered":"<p>Wpis #1: Zaw\u00f3r membranowy w silniku dwusuwowym \u2013 co to jest i jak dzia\u0142a? Wpis #2:\u00a0Technologie produkcji wyrob\u00f3w kompozytowych Wpis #3: Rozwi\u0105zanie problemu p\u0119kania\/zu\u017cycia listk\u00f3w membrany V-FORCE 3 oraz V-FORCE 4<\/p>\n","protected":false},"author":1,"featured_media":0,"parent":0,"menu_order":0,"comment_status":"closed","ping_status":"closed","template":"","meta":{"footnotes":""},"class_list":["post-158","page","type-page","status-publish","hentry"],"aioseo_notices":[],"_links":{"self":[{"href":"https:\/\/compotec.pl\/pl\/index.php\/wp-json\/wp\/v2\/pages\/158","targetHints":{"allow":["GET"]}}],"collection":[{"href":"https:\/\/compotec.pl\/pl\/index.php\/wp-json\/wp\/v2\/pages"}],"about":[{"href":"https:\/\/compotec.pl\/pl\/index.php\/wp-json\/wp\/v2\/types\/page"}],"author":[{"embeddable":true,"href":"https:\/\/compotec.pl\/pl\/index.php\/wp-json\/wp\/v2\/users\/1"}],"replies":[{"embeddable":true,"href":"https:\/\/compotec.pl\/pl\/index.php\/wp-json\/wp\/v2\/comments?post=158"}],"version-history":[{"count":15,"href":"https:\/\/compotec.pl\/pl\/index.php\/wp-json\/wp\/v2\/pages\/158\/revisions"}],"predecessor-version":[{"id":821,"href":"https:\/\/compotec.pl\/pl\/index.php\/wp-json\/wp\/v2\/pages\/158\/revisions\/821"}],"wp:attachment":[{"href":"https:\/\/compotec.pl\/pl\/index.php\/wp-json\/wp\/v2\/media?parent=158"}],"curies":[{"name":"wp","href":"https:\/\/api.w.org\/{rel}","templated":true}]}}