{"id":580,"date":"2018-05-27T22:18:37","date_gmt":"2018-05-27T20:18:37","guid":{"rendered":"http:\/\/compotec.pl\/pl\/?page_id=580"},"modified":"2021-05-05T11:40:04","modified_gmt":"2021-05-05T09:40:04","slug":"rodo","status":"publish","type":"page","link":"https:\/\/compotec.pl\/pl\/index.php\/rodo\/","title":{"rendered":"RODO"},"content":{"rendered":"<p>Szanowni Pa\u0144stwo,<\/p>\n<p>W zwi\u0105zku z tym, \u017ce od 25 maja 2018 r. ma zastosowanie Rozporz\u0105dzenie Parlamentu Europejskiego i Rady (UE) 2016\/679 z dnia 27 kwietnia 2016 r. w sprawie ochrony os\u00f3b fizycznych w zwi\u0105zku z przetwarzaniem danych osobowych i w sprawie swobodnego przep\u0142ywu takich danych (\u201eRODO\u201d) oraz uchylenia dyrektywy 95\/46\/WE (og\u00f3lne rozporz\u0105dzenie o ochronie danych), poni\u017cej przedstawiamy informacje\/zasady dotycz\u0105ce ochrony danych w firmie CompoTec \u2013 Marcin Krug\u0142y z siedzib\u0105 w Warszawie-Weso\u0142ej (05-075), Plac Wojska Polskiego 151\/m.7 (\u201eCompoTec\u201d).<\/p>\n<p><strong><em>\u00a0<\/em><\/strong><span style=\"text-decoration: underline;\"><strong><em>Jak przetwarzamy dane osobowe?<\/em><\/strong><\/span><\/p>\n<p>Jako firma CompoTec w \u015bwietle przepis\u00f3w jeste\u015bmy administratorem Pa\u0144stwa danych. Oznacza to, \u017ce odpowiadamy za ich wykorzystanie w spos\u00f3b bezpieczny i zgodny z obowi\u0105zuj\u0105cymi przepisami.<\/p>\n<p><strong><em>\u00a0<\/em><\/strong><span style=\"text-decoration: underline;\"><strong><em>W jakim celu i na jakiej podstawie wykorzystujemy Pa\u0144stwa dane?<\/em><\/strong><\/span><\/p>\n<p>Pa\u0144stwa dane uzyskane przy zakupie w naszej firmie towar\u00f3w i us\u0142ug wykorzystujemy w nast\u0119puj\u0105cych celach:<\/p>\n<p>1.<strong> przes\u0142ania do Pa\u0144stwa zam\u00f3wionych towar\u00f3w<\/strong> za po\u015brednictwem firmy pocztowej lub kurierskiej (podstawa prawna: art. 6 ust. 1 b RODO);<\/p>\n<p>2.<strong> wykonania ci\u0105\u017c\u0105cych na nas obowi\u0105zk\u00f3w prawnych<\/strong>, np.:<\/p>\n<p>a) wystawienie i przechowywanie faktur oraz dokument\u00f3w ksi\u0119gowych<\/p>\n<p>b) obs\u0142uga zwrot\u00f3w towar\u00f3w<\/p>\n<p>c) udzielanie odpowiedzi na reklamacje<\/p>\n<p>Z danych potrzebnych do realizacji obowi\u0105zk\u00f3w prawnych b\u0119dziemy korzysta\u0107:<\/p>\n<p>a) przez czas wykonywania obowi\u0105zk\u00f3w, np. wystawienia faktury (podstawa prawna: art. 6 ust. 1 c RODO);<\/p>\n<p>b) przez czas, w kt\u00f3rym przepisy nakazuj\u0105 nam przechowywa\u0107 dane, np. podatkowe;<\/p>\n<p>lub<\/p>\n<p>c) przez czas, w kt\u00f3rym mo\u017cemy ponie\u015b\u0107 konsekwencje prawne (podstawa prawna: art. 6 ust. 1 f RODO).<\/p>\n<p><span style=\"color: #ff0000;\"><strong>Nie wykorzystujemy Pa\u0144stwa danych do prowadzenia marketingu bezpo\u015bredniego w jakiejkolwiek formie.<\/strong><\/span><\/p>\n<p><span style=\"text-decoration: underline;\"><strong><em>Kt\u00f3re dane nale\u017cy nam poda\u0107?<\/em><\/strong><\/span><\/p>\n<p>Firma CompoTec wymaga od klient\u00f3w podawania wy\u0142\u0105cznie danych adresowych i kontaktowych w zakresie niezb\u0119dnym do przyjmowania zam\u00f3wie\u0144, i realizacji wysy\u0142ek naszych produkt\u00f3w. Podanie ww. danych stanowi podstaw\u0119 prawn\u0105 przetwarzania przez nas Pa\u0144stwa danych zgodnie z art. 6 ust. 1 b RODO.<\/p>\n<p><strong><em>\u00a0<\/em><\/strong><span style=\"text-decoration: underline;\"><strong><em>Komu przekazujemy Pa\u0144stwa dane?<\/em><\/strong><\/span><\/p>\n<p>Pa\u0144stwa dane przekazujemy:<\/p>\n<ol>\n<li>podmiotom prowadz\u0105cym dzia\u0142alno\u015b\u0107 pocztow\u0105 lub kuriersk\u0105;<\/li>\n<li>podmiotom prowadz\u0105cym dzia\u0142alno\u015b\u0107 p\u0142atnicz\u0105 (banki, instytucje p\u0142atnicze) \u2013 np. w celu dokonania zwrotu \u015brodk\u00f3w na Pa\u0144stwa rzecz;<\/li>\n<li>podmiotom wsp\u00f3\u0142pracuj\u0105cym z nami przy obs\u0142udze spraw ksi\u0119gowych, podatkowych, prawnych \u2013 w zakresie, w jakim stan\u0105 si\u0119 administratorem danych.<\/li>\n<\/ol>\n<p><strong><em>\u00a0<\/em><\/strong><span style=\"text-decoration: underline;\"><strong><em>Przys\u0142uguj\u0105ce Pa\u0144stwu uprawnienia<\/em><\/strong><\/span><\/p>\n<p>Mog\u0105 Pa\u0144stwo z\u0142o\u017cy\u0107 do nas wniosek dotycz\u0105cy danych osobowych o:<\/p>\n<ol>\n<li><strong>sprostowanie\/poprawienie<\/strong> danych<\/li>\n<li><strong>usuni\u0119cie<\/strong> danych przetwarzanych bezpodstawnie<\/li>\n<li><strong>ograniczenie przetwarzania<\/strong> (wstrzymanie operacji na danych lub nieusuwanie danych \u2013 stosownie do z\u0142o\u017conego wniosku);<\/li>\n<li><strong>dost\u0119p<\/strong> do danych (o informacj\u0119 o przetwarzanych przez nas danych oraz o ich kopi\u0119);<\/li>\n<li><strong>przeniesienie<\/strong> danych do innego administratora danych lub do Pa\u0144stwa (podstawa prawna: art. 20 RODO);<\/li>\n<\/ol>\n<p>Zakres ka\u017cdego z tych praw oraz sytuacje, w kt\u00f3rych mo\u017cna z nich skorzysta\u0107, wynikaj\u0105 z przepis\u00f3w prawa. To, z kt\u00f3rego uprawnienia mog\u0105 Pa\u0144stwo skorzysta\u0107, zale\u017ce\u0107 b\u0119dzie m.in. od podstawy prawnej wykorzystywania przez nas Pa\u0144stwa danych oraz od celu ich przetwarzania.<\/p>\n<p><span style=\"text-decoration: underline;\"><strong><em>Skarga<\/em><\/strong><\/span><\/p>\n<p>Maj\u0105 Pa\u0144stwo prawo wnie\u015b\u0107 skarg\u0119 do Prezesa Urz\u0119du Ochrony Danych Osobowych, je\u017celi uwa\u017caj\u0105 Pa\u0144stwo, \u017ce przetwarzanie Pa\u0144stwa danych osobowych narusza przepisy prawa.<\/p>\n<p><span style=\"text-decoration: underline;\"><strong><em>Kontakt<\/em><\/strong><\/span><\/p>\n<p>Kontakt z nami jest mo\u017cliwy przez formularz kontaktowy: <a href=\"http:\/\/compotec.pl\/pl\/index.php\/kontakt\/\">compotec.pl\/pl\/index.php\/kontakt\/<\/a><\/p>\n","protected":false},"excerpt":{"rendered":"<p>Szanowni Pa\u0144stwo, W zwi\u0105zku z tym, \u017ce od 25 maja 2018 r. ma zastosowanie Rozporz\u0105dzenie Parlamentu Europejskiego i Rady (UE) 2016\/679 z dnia 27 kwietnia 2016 r. w sprawie ochrony os\u00f3b fizycznych w zwi\u0105zku z przetwarzaniem danych osobowych i w sprawie swobodnego przep\u0142ywu takich danych (\u201eRODO\u201d) oraz uchylenia dyrektywy 95\/46\/WE \u2026 <a class=\"continue-reading-link\" href=\"https:\/\/compotec.pl\/pl\/index.php\/rodo\/\"> Continue reading <span class=\"meta-nav\">&rarr; <\/span><\/a><\/p>\n","protected":false},"author":1,"featured_media":0,"parent":0,"menu_order":0,"comment_status":"closed","ping_status":"closed","template":"","meta":{"footnotes":""},"class_list":["post-580","page","type-page","status-publish","hentry"],"aioseo_notices":[],"_links":{"self":[{"href":"https:\/\/compotec.pl\/pl\/index.php\/wp-json\/wp\/v2\/pages\/580","targetHints":{"allow":["GET"]}}],"collection":[{"href":"https:\/\/compotec.pl\/pl\/index.php\/wp-json\/wp\/v2\/pages"}],"about":[{"href":"https:\/\/compotec.pl\/pl\/index.php\/wp-json\/wp\/v2\/types\/page"}],"author":[{"embeddable":true,"href":"https:\/\/compotec.pl\/pl\/index.php\/wp-json\/wp\/v2\/users\/1"}],"replies":[{"embeddable":true,"href":"https:\/\/compotec.pl\/pl\/index.php\/wp-json\/wp\/v2\/comments?post=580"}],"version-history":[{"count":4,"href":"https:\/\/compotec.pl\/pl\/index.php\/wp-json\/wp\/v2\/pages\/580\/revisions"}],"predecessor-version":[{"id":682,"href":"https:\/\/compotec.pl\/pl\/index.php\/wp-json\/wp\/v2\/pages\/580\/revisions\/682"}],"wp:attachment":[{"href":"https:\/\/compotec.pl\/pl\/index.php\/wp-json\/wp\/v2\/media?parent=580"}],"curies":[{"name":"wp","href":"https:\/\/api.w.org\/{rel}","templated":true}]}}