{"id":720,"date":"2022-02-09T07:32:57","date_gmt":"2022-02-09T06:32:57","guid":{"rendered":"http:\/\/compotec.pl\/pl\/?page_id=720"},"modified":"2022-05-16T07:05:45","modified_gmt":"2022-05-16T05:05:45","slug":"oferta","status":"publish","type":"page","link":"https:\/\/compotec.pl\/pl\/index.php\/oferta\/","title":{"rendered":"Oferta"},"content":{"rendered":"\n<p>Podstawowa oferta firmy CompoTec obejmuje poni\u017csze pozycje i dost\u0119pna jest na portalu Allegro <strong><a href=\"https:\/\/allegro.pl\/uzytkownik\/compotec\">https:\/\/allegro.pl\/uzytkownik\/compotec<\/a><\/strong>:<\/p>\n\n\n\n<ul class=\"wp-block-list\"><li><strong>p\u0142yty z w\u0142\u00f3kna w\u0119glowego w rozmiarach 300x200mm, 300x100mm oraz A5 (210x148mm)<\/strong><\/li><li><strong>carbonowe listki zaworu membranowego (w tym liczne modele listk\u00f3w serii V-FORCE)<\/strong><\/li><li><strong>karbonowe tarczki hamulca do ko\u0142owrotk\u00f3w w\u0119dkarskich<\/strong><\/li><li><strong>\u015bcinki tkanin w\u0119glowych<\/strong><\/li><li><strong>inne produkty firmy CompoTec<\/strong><\/li><\/ul>\n\n\n\n<p>W przypadku zam\u00f3wie\u0144 indywidulanych prosimy o kontakt na adres email <strong><a href=\"mailto:biuro@compotec.pl\">biuro@compotec.pl<\/a><\/strong>. Posiadamy w\u0142asn\u0105 frezark\u0119 CNC o stole roboczym 1000x500mm. Oferujemy wycinanie dowolnych, gotowych element\u00f3w z p\u0142yt w\u0119glowych naszej produkcji. Mamy bogate do\u015bwiadczenie w frezowaniu CNC element\u00f3w do dron\u00f3w (obudowy, ramiona, \u0142o\u017ca silnik\u00f3w), wyposa\u017cenia typu simracing (kierownice, \u0142opatki, emblematy) oraz wszelkich typ\u00f3w modeli RC. Geometri\u0119 CAD do wyceny\/ci\u0119cia CNC przyjmujemy w plikach formatu DXF.<\/p>\n\n\n\n<figure class=\"wp-block-image size-large\"><img loading=\"lazy\" decoding=\"async\" width=\"1024\" height=\"697\" src=\"http:\/\/compotec.pl\/pl\/wp-content\/uploads\/2022\/02\/FREZARKA_CNC_produkty_z_wlokna_weglowego_CompoTec-1024x697.png\" alt=\"\" class=\"wp-image-734\" srcset=\"https:\/\/compotec.pl\/pl\/wp-content\/uploads\/2022\/02\/FREZARKA_CNC_produkty_z_wlokna_weglowego_CompoTec-1024x697.png 1024w, https:\/\/compotec.pl\/pl\/wp-content\/uploads\/2022\/02\/FREZARKA_CNC_produkty_z_wlokna_weglowego_CompoTec-300x204.png 300w, https:\/\/compotec.pl\/pl\/wp-content\/uploads\/2022\/02\/FREZARKA_CNC_produkty_z_wlokna_weglowego_CompoTec-768x522.png 768w, https:\/\/compotec.pl\/pl\/wp-content\/uploads\/2022\/02\/FREZARKA_CNC_produkty_z_wlokna_weglowego_CompoTec-1536x1045.png 1536w, https:\/\/compotec.pl\/pl\/wp-content\/uploads\/2022\/02\/FREZARKA_CNC_produkty_z_wlokna_weglowego_CompoTec-221x150.png 221w, https:\/\/compotec.pl\/pl\/wp-content\/uploads\/2022\/02\/FREZARKA_CNC_produkty_z_wlokna_weglowego_CompoTec-150x102.png 150w, https:\/\/compotec.pl\/pl\/wp-content\/uploads\/2022\/02\/FREZARKA_CNC_produkty_z_wlokna_weglowego_CompoTec.png 1570w\" sizes=\"auto, (max-width: 1024px) 100vw, 1024px\" \/><\/figure>\n\n\n\n<figure class=\"wp-block-image size-large\"><img loading=\"lazy\" decoding=\"async\" width=\"1024\" height=\"574\" src=\"http:\/\/compotec.pl\/pl\/wp-content\/uploads\/2022\/05\/20220516_elementy_dla_JT_z_logo_CT-1024x574.png\" alt=\"elementy z w\u0142\u00f3kna w\u0119glowego, frezowanie w\u0142\u00f3kna w\u0119glowego, p\u0142yty carbon, p\u0142yty z w\u0142\u00f3kna w\u0119glowego, carbon fiber sheet\" class=\"wp-image-751\" srcset=\"https:\/\/compotec.pl\/pl\/wp-content\/uploads\/2022\/05\/20220516_elementy_dla_JT_z_logo_CT-1024x574.png 1024w, https:\/\/compotec.pl\/pl\/wp-content\/uploads\/2022\/05\/20220516_elementy_dla_JT_z_logo_CT-300x168.png 300w, https:\/\/compotec.pl\/pl\/wp-content\/uploads\/2022\/05\/20220516_elementy_dla_JT_z_logo_CT-768x431.png 768w, https:\/\/compotec.pl\/pl\/wp-content\/uploads\/2022\/05\/20220516_elementy_dla_JT_z_logo_CT-1536x861.png 1536w, https:\/\/compotec.pl\/pl\/wp-content\/uploads\/2022\/05\/20220516_elementy_dla_JT_z_logo_CT-250x140.png 250w, https:\/\/compotec.pl\/pl\/wp-content\/uploads\/2022\/05\/20220516_elementy_dla_JT_z_logo_CT-150x84.png 150w, https:\/\/compotec.pl\/pl\/wp-content\/uploads\/2022\/05\/20220516_elementy_dla_JT_z_logo_CT.png 1890w\" sizes=\"auto, (max-width: 1024px) 100vw, 1024px\" \/><\/figure>\n","protected":false},"excerpt":{"rendered":"<p>Podstawowa oferta firmy CompoTec obejmuje poni\u017csze pozycje i dost\u0119pna jest na portalu Allegro https:\/\/allegro.pl\/uzytkownik\/compotec: p\u0142yty z w\u0142\u00f3kna w\u0119glowego w rozmiarach 300x200mm, 300x100mm oraz A5 (210x148mm) carbonowe listki zaworu membranowego (w tym liczne modele listk\u00f3w serii V-FORCE) karbonowe tarczki hamulca do ko\u0142owrotk\u00f3w w\u0119dkarskich \u015bcinki tkanin w\u0119glowych inne produkty firmy CompoTec W \u2026 <a class=\"continue-reading-link\" href=\"https:\/\/compotec.pl\/pl\/index.php\/oferta\/\"> Continue reading <span class=\"meta-nav\">&rarr; <\/span><\/a><\/p>\n","protected":false},"author":1,"featured_media":0,"parent":0,"menu_order":0,"comment_status":"closed","ping_status":"closed","template":"","meta":{"footnotes":""},"class_list":["post-720","page","type-page","status-publish","hentry"],"aioseo_notices":[],"_links":{"self":[{"href":"https:\/\/compotec.pl\/pl\/index.php\/wp-json\/wp\/v2\/pages\/720","targetHints":{"allow":["GET"]}}],"collection":[{"href":"https:\/\/compotec.pl\/pl\/index.php\/wp-json\/wp\/v2\/pages"}],"about":[{"href":"https:\/\/compotec.pl\/pl\/index.php\/wp-json\/wp\/v2\/types\/page"}],"author":[{"embeddable":true,"href":"https:\/\/compotec.pl\/pl\/index.php\/wp-json\/wp\/v2\/users\/1"}],"replies":[{"embeddable":true,"href":"https:\/\/compotec.pl\/pl\/index.php\/wp-json\/wp\/v2\/comments?post=720"}],"version-history":[{"count":11,"href":"https:\/\/compotec.pl\/pl\/index.php\/wp-json\/wp\/v2\/pages\/720\/revisions"}],"predecessor-version":[{"id":753,"href":"https:\/\/compotec.pl\/pl\/index.php\/wp-json\/wp\/v2\/pages\/720\/revisions\/753"}],"wp:attachment":[{"href":"https:\/\/compotec.pl\/pl\/index.php\/wp-json\/wp\/v2\/media?parent=720"}],"curies":[{"name":"wp","href":"https:\/\/api.w.org\/{rel}","templated":true}]}}